{"id":62,"date":"2025-12-07T17:17:44","date_gmt":"2025-12-07T17:17:44","guid":{"rendered":"http:\/\/banallafringale.fr\/?page_id=62"},"modified":"2026-03-27T17:17:29","modified_gmt":"2026-03-27T17:17:29","slug":"blog","status":"publish","type":"page","link":"http:\/\/banallafringale.fr\/index.php\/blog\/","title":{"rendered":"Blog"},"content":{"rendered":"\n<p><a href=\"http:\/\/banallafringale.fr\/index.php\/le-graal-de-midas\/\" data-type=\"page\" data-id=\"64\">Le GRAAL de Midas<\/a><\/p>\n\n\n\n<p><a href=\"https:\/\/banallafringale.fr\/index.php\/les-enquetes-de-banal\/\" data-type=\"page\" data-id=\"97\">Les enqu\u00eates de Banal<\/a><\/p>\n\n\n\n<p><a href=\"https:\/\/banallafringale.fr\/index.php\/mag-donaldz\/\" data-type=\"page\" data-id=\"121\">Mag Donaldz<\/a> &#8211; D\u00e9compte d\u00e9ceptif<\/p>\n","protected":false},"excerpt":{"rendered":"<p>Le GRAAL de Midas Les enqu\u00eates de Banal Mag Donaldz &#8211; D\u00e9compte d\u00e9ceptif<\/p>\n","protected":false},"author":1,"featured_media":0,"parent":0,"menu_order":0,"comment_status":"closed","ping_status":"closed","template":"","meta":{"_bbp_topic_count":0,"_bbp_reply_count":0,"_bbp_total_topic_count":0,"_bbp_total_reply_count":0,"_bbp_voice_count":0,"_bbp_anonymous_reply_count":0,"_bbp_topic_count_hidden":0,"_bbp_reply_count_hidden":0,"_bbp_forum_subforum_count":0,"footnotes":""},"class_list":["post-62","page","type-page","status-publish","hentry"],"_links":{"self":[{"href":"http:\/\/banallafringale.fr\/index.php\/wp-json\/wp\/v2\/pages\/62","targetHints":{"allow":["GET"]}}],"collection":[{"href":"http:\/\/banallafringale.fr\/index.php\/wp-json\/wp\/v2\/pages"}],"about":[{"href":"http:\/\/banallafringale.fr\/index.php\/wp-json\/wp\/v2\/types\/page"}],"author":[{"embeddable":true,"href":"http:\/\/banallafringale.fr\/index.php\/wp-json\/wp\/v2\/users\/1"}],"replies":[{"embeddable":true,"href":"http:\/\/banallafringale.fr\/index.php\/wp-json\/wp\/v2\/comments?post=62"}],"version-history":[{"count":7,"href":"http:\/\/banallafringale.fr\/index.php\/wp-json\/wp\/v2\/pages\/62\/revisions"}],"predecessor-version":[{"id":132,"href":"http:\/\/banallafringale.fr\/index.php\/wp-json\/wp\/v2\/pages\/62\/revisions\/132"}],"wp:attachment":[{"href":"http:\/\/banallafringale.fr\/index.php\/wp-json\/wp\/v2\/media?parent=62"}],"curies":[{"name":"wp","href":"https:\/\/api.w.org\/{rel}","templated":true}]}}